{"id":4490,"date":"2025-04-26T16:43:15","date_gmt":"2025-04-26T14:43:15","guid":{"rendered":"https:\/\/amarokstudio.hu\/junior-ausbildungsprogramm\/"},"modified":"2026-03-02T10:27:35","modified_gmt":"2026-03-02T09:27:35","slug":"junior-ausbildungsprogramm","status":"publish","type":"page","link":"https:\/\/amarokstudio.hu\/de\/junior-ausbildungsprogramm\/","title":{"rendered":"Junior Ausbildungsprogramm"},"content":{"rendered":"\t\t<div data-elementor-type=\"wp-page\" data-elementor-id=\"4490\" class=\"elementor elementor-4490 elementor-707\" data-elementor-post-type=\"page\">\n\t\t\t\t<div class=\"elementor-element elementor-element-1499b6b3 e-flex e-con-boxed e-con e-parent\" data-id=\"1499b6b3\" data-element_type=\"container\" data-e-type=\"container\" data-settings=\"{&quot;background_background&quot;:&quot;classic&quot;}\">\n\t\t\t\t\t<div class=\"e-con-inner\">\n\t\t<div class=\"elementor-element elementor-element-298474 e-con-full e-flex e-con e-child\" data-id=\"298474\" data-element_type=\"container\" data-e-type=\"container\">\n\t\t<div class=\"elementor-element elementor-element-100f965a e-con-full e-flex e-con e-child\" data-id=\"100f965a\" data-element_type=\"container\" data-e-type=\"container\">\n\t\t\t\t<div class=\"elementor-element elementor-element-69b9a6c2 elementor-widget elementor-widget-heading\" data-id=\"69b9a6c2\" data-element_type=\"widget\" data-e-type=\"widget\" data-widget_type=\"heading.default\">\n\t\t\t\t<div class=\"elementor-widget-container\">\n\t\t\t\t\t<h1 class=\"elementor-heading-title elementor-size-default\">Junior SAP Ausbildung<\/h1>\t\t\t\t<\/div>\n\t\t\t\t<\/div>\n\t\t\t\t<div class=\"elementor-element elementor-element-5e58fdc1 elementor-widget elementor-widget-heading\" data-id=\"5e58fdc1\" data-element_type=\"widget\" data-e-type=\"widget\" data-widget_type=\"heading.default\">\n\t\t\t\t<div class=\"elementor-widget-container\">\n\t\t\t\t\t<span class=\"elementor-heading-title elementor-size-default\">Starte deine SAP Karriere mit uns<\/span>\t\t\t\t<\/div>\n\t\t\t\t<\/div>\n\t\t<div class=\"elementor-element elementor-element-06ba1b2 e-con-full e-flex e-con e-child\" data-id=\"06ba1b2\" data-element_type=\"container\" data-e-type=\"container\">\n\t\t\t\t<div class=\"elementor-element elementor-element-80018b8 elementor-widget elementor-widget-button\" data-id=\"80018b8\" data-element_type=\"widget\" data-e-type=\"widget\" data-widget_type=\"button.default\">\n\t\t\t\t<div class=\"elementor-widget-container\">\n\t\t\t\t\t\t\t\t\t<div class=\"elementor-button-wrapper\">\n\t\t\t\t\t<a class=\"elementor-button elementor-button-link elementor-size-sm\" href=\"#junior-kepzesi-program\">\n\t\t\t\t\t\t<span class=\"elementor-button-content-wrapper\">\n\t\t\t\t\t\t\t\t\t<span class=\"elementor-button-text\">Erfahre mehr!<\/span>\n\t\t\t\t\t<\/span>\n\t\t\t\t\t<\/a>\n\t\t\t\t<\/div>\n\t\t\t\t\t\t\t\t<\/div>\n\t\t\t\t<\/div>\n\t\t\t\t<\/div>\n\t\t\t\t<\/div>\n\t\t\t\t<\/div>\n\t\t\t\t\t<\/div>\n\t\t\t\t<\/div>\n\t\t<div class=\"elementor-element elementor-element-5e8e1684 e-flex e-con-boxed e-con e-parent\" data-id=\"5e8e1684\" data-element_type=\"container\" data-e-type=\"container\" id=\"junior-kepzesi-program\" data-settings=\"{&quot;background_background&quot;:&quot;classic&quot;}\">\n\t\t\t\t\t<div class=\"e-con-inner\">\n\t\t<div class=\"elementor-element elementor-element-63cb9c24 e-con-full e-flex e-con e-child\" data-id=\"63cb9c24\" data-element_type=\"container\" data-e-type=\"container\" data-settings=\"{&quot;background_background&quot;:&quot;classic&quot;}\">\n\t\t<div class=\"elementor-element elementor-element-384c011b e-con-full e-flex e-con e-child\" data-id=\"384c011b\" data-element_type=\"container\" data-e-type=\"container\">\n\t\t\t\t<div class=\"elementor-element elementor-element-2e0e458 elementor-widget elementor-widget-heading\" data-id=\"2e0e458\" data-element_type=\"widget\" data-e-type=\"widget\" data-widget_type=\"heading.default\">\n\t\t\t\t<div class=\"elementor-widget-container\">\n\t\t\t\t\t<h2 class=\"elementor-heading-title elementor-size-default\">Junior SAP Ausbildung<\/h2>\t\t\t\t<\/div>\n\t\t\t\t<\/div>\n\t\t\t\t<div class=\"elementor-element elementor-element-763d1d24 elementor-widget elementor-widget-text-editor\" data-id=\"763d1d24\" data-element_type=\"widget\" data-e-type=\"widget\" data-widget_type=\"text-editor.default\">\n\t\t\t\t<div class=\"elementor-widget-container\">\n\t\t\t\t\t\t\t\t\t<p>Einer der Grundpfeiler von <strong>Amarok Studio<\/strong> ist das firmeneigene <strong>Junior Ausbildungsprogramm<\/strong>, das Hochschulabsolvent:innen den Einstieg in die SAP-Welt erm\u00f6glicht.<\/p>\t\t\t\t\t\t\t\t<\/div>\n\t\t\t\t<\/div>\n\t\t\t\t<div class=\"elementor-element elementor-element-565061d7 elementor-widget elementor-widget-text-editor\" data-id=\"565061d7\" data-element_type=\"widget\" data-e-type=\"widget\" data-widget_type=\"text-editor.default\">\n\t\t\t\t<div class=\"elementor-widget-container\">\n\t\t\t\t\t\t\t\t\t<p>W\u00e4hrend des viermonatigen, ganzt\u00e4gigen Intensivtrainings erhalten die Teilnehmenden ein umfassendes Verst\u00e4ndnis f\u00fcr die Funktionsweise von SAP-Systemen. Die Ausbildung umfasst Grundlagenwissen auf Anwenderniveau in den Kernmodulen FI, MM und SD sowie den Einstieg in die ABAP-Programmierung. Zudem werden Methoden zur Dateneingabe, Berichtserstellung und Formularentwicklung vermittelt. Das Curriculum beinhaltet dar\u00fcber hinaus die Erstellung von Transaktionen, den Aufbau von Schnittstellen und die Einf\u00fchrung in die FIORI-Entwicklung.<\/p><p><strong>Das Ausbildungsprogramm ist modular aufgebaut:<\/strong> Am Ende jeder Phase erfolgt eine kurze Wissens\u00fcberpr\u00fcfung. Zum Abschluss legen die Teilnehmenden eine umfassende Abschlusspr\u00fcfung ab, um ihr erworbenes Wissen unter Beweis zu stellen. Nach erfolgreichem Abschluss haben die Teilnehmenden die M\u00f6glichkeit, direkt als Junior Fachkr\u00e4fte in Projekte von Amarok Studio einzusteigen. <\/p>\t\t\t\t\t\t\t\t<\/div>\n\t\t\t\t<\/div>\n\t\t\t\t<\/div>\n\t\t<div class=\"elementor-element elementor-element-304cce1 e-con-full e-flex e-con e-child\" data-id=\"304cce1\" data-element_type=\"container\" data-e-type=\"container\">\n\t\t\t\t<div class=\"elementor-element elementor-element-afacf9a elementor-widget elementor-widget-image\" data-id=\"afacf9a\" data-element_type=\"widget\" data-e-type=\"widget\" data-widget_type=\"image.default\">\n\t\t\t\t<div class=\"elementor-widget-container\">\n\t\t\t\t\t\t\t\t\t\t\t\t\t\t\t<img fetchpriority=\"high\" decoding=\"async\" width=\"800\" height=\"600\" src=\"https:\/\/amarokstudio.hu\/wp-content\/uploads\/2025\/05\/junior-sap-fejleszto-kepzes.webp\" class=\"attachment-large size-large wp-image-4321\" alt=\"Junior SAP Ausbildung\" srcset=\"https:\/\/amarokstudio.hu\/wp-content\/uploads\/2025\/05\/junior-sap-fejleszto-kepzes.webp 1024w, https:\/\/amarokstudio.hu\/wp-content\/uploads\/2025\/05\/junior-sap-fejleszto-kepzes-300x225.webp 300w, https:\/\/amarokstudio.hu\/wp-content\/uploads\/2025\/05\/junior-sap-fejleszto-kepzes-768x576.webp 768w\" sizes=\"(max-width: 800px) 100vw, 800px\" \/>\t\t\t\t\t\t\t\t\t\t\t\t\t\t\t<\/div>\n\t\t\t\t<\/div>\n\t\t\t\t<\/div>\n\t\t\t\t<\/div>\n\t\t\t\t\t<\/div>\n\t\t\t\t<\/div>\n\t\t<div class=\"elementor-element elementor-element-7aa2b22 e-flex e-con-boxed e-con e-parent\" data-id=\"7aa2b22\" data-element_type=\"container\" data-e-type=\"container\" data-settings=\"{&quot;background_background&quot;:&quot;classic&quot;}\">\n\t\t\t\t\t<div class=\"e-con-inner\">\n\t\t<div class=\"elementor-element elementor-element-44c09ea e-con-full e-flex e-con e-child\" data-id=\"44c09ea\" data-element_type=\"container\" data-e-type=\"container\" data-settings=\"{&quot;background_background&quot;:&quot;classic&quot;}\">\n\t\t<div class=\"elementor-element elementor-element-22d3f20 e-con-full e-flex e-con e-child\" data-id=\"22d3f20\" data-element_type=\"container\" data-e-type=\"container\">\n\t\t\t\t<div class=\"elementor-element elementor-element-5b4ce87 elementor-widget elementor-widget-image\" data-id=\"5b4ce87\" data-element_type=\"widget\" data-e-type=\"widget\" data-widget_type=\"image.default\">\n\t\t\t\t<div class=\"elementor-widget-container\">\n\t\t\t\t\t\t\t\t\t\t\t\t\t\t\t<img decoding=\"async\" width=\"800\" height=\"600\" src=\"https:\/\/amarokstudio.hu\/wp-content\/uploads\/2025\/05\/junior-sap-fejleszto-kepzes-2.webp\" class=\"attachment-large size-large wp-image-4341\" alt=\"Junior SAP Ausbildungsprogramm\" srcset=\"https:\/\/amarokstudio.hu\/wp-content\/uploads\/2025\/05\/junior-sap-fejleszto-kepzes-2.webp 1024w, https:\/\/amarokstudio.hu\/wp-content\/uploads\/2025\/05\/junior-sap-fejleszto-kepzes-2-300x225.webp 300w, https:\/\/amarokstudio.hu\/wp-content\/uploads\/2025\/05\/junior-sap-fejleszto-kepzes-2-768x576.webp 768w\" sizes=\"(max-width: 800px) 100vw, 800px\" \/>\t\t\t\t\t\t\t\t\t\t\t\t\t\t\t<\/div>\n\t\t\t\t<\/div>\n\t\t\t\t<\/div>\n\t\t<div class=\"elementor-element elementor-element-4be6286 e-con-full e-flex e-con e-child\" data-id=\"4be6286\" data-element_type=\"container\" data-e-type=\"container\">\n\t\t\t\t<div class=\"elementor-element elementor-element-0d52a23 elementor-widget elementor-widget-text-editor\" data-id=\"0d52a23\" data-element_type=\"widget\" data-e-type=\"widget\" data-widget_type=\"text-editor.default\">\n\t\t\t\t<div class=\"elementor-widget-container\">\n\t\t\t\t\t\t\t\t\t<p>Die <a href=\"https:\/\/amarokstudio.hu\/de\/on-demand-sap-dienstleistungen\/\">ON-DEMAND Philosophie<\/a> von Amarok Studio gilt auch f\u00fcr das Junior Ausbildungsprogramm. Bei der Ressourcenplanung in Beratungsunternehmen oder bei IT-Verantwortlichen in SAP-betriebenen Unternehmen ist fr\u00fchzeitig erkennbar, wann zus\u00e4tzliche Fachkr\u00e4fte ben\u00f6tigt werden. Einzigartig bei Amarok Studio: Unsere Kund:innen k\u00f6nnen bereits in der Planungsphase neuer Ausbildungsjahrg\u00e4nge aktiv in die Programmgestaltung eingebunden werden. So k\u00f6nnen Teilnehmerzahl und Ausbildungsschwerpunkte exakt auf die individuellen Anforderungen abgestimmt werden. In solchen F\u00e4llen wird der jeweilige Ausbildungsgang speziell auf die Kundenbed\u00fcrfnisse angepasst \u2013 so sind die Absolvent:innen optimal vorbereitet auf den Einsatz im jeweiligen Unternehmen. Auf Wunsch bieten wir auch komplett ma\u00dfgeschneiderte, kundenspezifische Ausbildungsprogramme an.    <\/p>\t\t\t\t\t\t\t\t<\/div>\n\t\t\t\t<\/div>\n\t\t\t\t<div class=\"elementor-element elementor-element-778d986 elementor-widget elementor-widget-text-editor\" data-id=\"778d986\" data-element_type=\"widget\" data-e-type=\"widget\" data-widget_type=\"text-editor.default\">\n\t\t\t\t<div class=\"elementor-widget-container\">\n\t\t\t\t\t\t\t\t\t<p>Wenn du dich f\u00fcr unser <b>ON-DEMAND-basiertes Junior-Ausbildungsprogramm<\/b> mit <strong>Start im September 2026<\/strong> interessierst, kontaktiere uns bitte unter <a href=\"mailto:info@amarokstudio.hu\" data-wplink-edit=\"true\">info@amarokstudio.hu<\/a><\/p>\t\t\t\t\t\t\t\t<\/div>\n\t\t\t\t<\/div>\n\t\t\t\t<div class=\"elementor-element elementor-element-ab434a1 elementor-widget elementor-widget-button\" data-id=\"ab434a1\" data-element_type=\"widget\" data-e-type=\"widget\" data-widget_type=\"button.default\">\n\t\t\t\t<div class=\"elementor-widget-container\">\n\t\t\t\t\t\t\t\t\t<div class=\"elementor-button-wrapper\">\n\t\t\t\t\t<a class=\"elementor-button elementor-button-link elementor-size-sm\" href=\"mailto:info@amarokstudio.hu\">\n\t\t\t\t\t\t<span class=\"elementor-button-content-wrapper\">\n\t\t\t\t\t\t\t\t\t<span class=\"elementor-button-text\">Jetzt f\u00fcr die Ausbildung bewerben!<\/span>\n\t\t\t\t\t<\/span>\n\t\t\t\t\t<\/a>\n\t\t\t\t<\/div>\n\t\t\t\t\t\t\t\t<\/div>\n\t\t\t\t<\/div>\n\t\t\t\t<\/div>\n\t\t\t\t<\/div>\n\t\t\t\t\t<\/div>\n\t\t\t\t<\/div>\n\t\t\t\t<\/div>\n\t\t","protected":false},"excerpt":{"rendered":"<p>Junior SAP Ausbildung Starte deine SAP Karriere mit uns Erfahre mehr! Junior SAP Ausbildung Einer der Grundpfeiler von Amarok Studio ist das firmeneigene Junior Ausbildungsprogramm, das Hochschulabsolvent:innen den Einstieg in die SAP-Welt erm\u00f6glicht. W\u00e4hrend des viermonatigen, ganzt\u00e4gigen Intensivtrainings erhalten die Teilnehmenden ein umfassendes Verst\u00e4ndnis f\u00fcr die Funktionsweise von SAP-Systemen. Die Ausbildung umfasst Grundlagenwissen auf Anwenderniveau [&hellip;]<\/p>\n","protected":false},"author":1,"featured_media":0,"parent":0,"menu_order":0,"comment_status":"closed","ping_status":"closed","template":"elementor_header_footer","meta":{"footnotes":""},"class_list":["post-4490","page","type-page","status-publish","hentry"],"_links":{"self":[{"href":"https:\/\/amarokstudio.hu\/de\/wp-json\/wp\/v2\/pages\/4490","targetHints":{"allow":["GET"]}}],"collection":[{"href":"https:\/\/amarokstudio.hu\/de\/wp-json\/wp\/v2\/pages"}],"about":[{"href":"https:\/\/amarokstudio.hu\/de\/wp-json\/wp\/v2\/types\/page"}],"author":[{"embeddable":true,"href":"https:\/\/amarokstudio.hu\/de\/wp-json\/wp\/v2\/users\/1"}],"replies":[{"embeddable":true,"href":"https:\/\/amarokstudio.hu\/de\/wp-json\/wp\/v2\/comments?post=4490"}],"version-history":[{"count":3,"href":"https:\/\/amarokstudio.hu\/de\/wp-json\/wp\/v2\/pages\/4490\/revisions"}],"predecessor-version":[{"id":4623,"href":"https:\/\/amarokstudio.hu\/de\/wp-json\/wp\/v2\/pages\/4490\/revisions\/4623"}],"wp:attachment":[{"href":"https:\/\/amarokstudio.hu\/de\/wp-json\/wp\/v2\/media?parent=4490"}],"curies":[{"name":"wp","href":"https:\/\/api.w.org\/{rel}","templated":true}]}}