{"id":4494,"date":"2025-04-26T16:43:33","date_gmt":"2025-04-26T14:43:33","guid":{"rendered":"https:\/\/amarokstudio.hu\/development-factory\/"},"modified":"2025-08-01T11:34:30","modified_gmt":"2025-08-01T09:34:30","slug":"development-factory","status":"publish","type":"page","link":"https:\/\/amarokstudio.hu\/de\/development-factory\/","title":{"rendered":"Development Factory"},"content":{"rendered":"\t\t<div data-elementor-type=\"wp-page\" data-elementor-id=\"4494\" class=\"elementor elementor-4494 elementor-709\" data-elementor-post-type=\"page\">\n\t\t\t\t<div class=\"elementor-element elementor-element-b70e0e e-flex e-con-boxed e-con e-parent\" data-id=\"b70e0e\" data-element_type=\"container\" data-e-type=\"container\" data-settings=\"{&quot;background_background&quot;:&quot;classic&quot;}\">\n\t\t\t\t\t<div class=\"e-con-inner\">\n\t\t<div class=\"elementor-element elementor-element-eb1dfe5 e-con-full e-flex e-con e-child\" data-id=\"eb1dfe5\" data-element_type=\"container\" data-e-type=\"container\">\n\t\t<div class=\"elementor-element elementor-element-24f98c78 e-con-full e-flex e-con e-child\" data-id=\"24f98c78\" data-element_type=\"container\" data-e-type=\"container\">\n\t\t\t\t<div class=\"elementor-element elementor-element-129c9047 elementor-widget elementor-widget-heading\" data-id=\"129c9047\" data-element_type=\"widget\" data-e-type=\"widget\" data-widget_type=\"heading.default\">\n\t\t\t\t<div class=\"elementor-widget-container\">\n\t\t\t\t\t<h1 class=\"elementor-heading-title elementor-size-default\">SAP-Entwicklungszentrum \u2013 Development Factory<\/h1>\t\t\t\t<\/div>\n\t\t\t\t<\/div>\n\t\t\t\t<div class=\"elementor-element elementor-element-4cea1b64 elementor-widget elementor-widget-heading\" data-id=\"4cea1b64\" data-element_type=\"widget\" data-e-type=\"widget\" data-widget_type=\"heading.default\">\n\t\t\t\t<div class=\"elementor-widget-container\">\n\t\t\t\t\t<span class=\"elementor-heading-title elementor-size-default\">Fachkompetenz in einem strukturierten Team\n<\/span>\t\t\t\t<\/div>\n\t\t\t\t<\/div>\n\t\t<div class=\"elementor-element elementor-element-1e22e3e0 e-con-full e-flex e-con e-child\" data-id=\"1e22e3e0\" data-element_type=\"container\" data-e-type=\"container\">\n\t\t\t\t<div class=\"elementor-element elementor-element-33aa3b01 elementor-widget elementor-widget-button\" data-id=\"33aa3b01\" data-element_type=\"widget\" data-e-type=\"widget\" data-widget_type=\"button.default\">\n\t\t\t\t<div class=\"elementor-widget-container\">\n\t\t\t\t\t\t\t\t\t<div class=\"elementor-button-wrapper\">\n\t\t\t\t\t<a class=\"elementor-button elementor-button-link elementor-size-sm\" href=\"#development-factory\">\n\t\t\t\t\t\t<span class=\"elementor-button-content-wrapper\">\n\t\t\t\t\t\t\t\t\t<span class=\"elementor-button-text\">Mehr erfahren!<\/span>\n\t\t\t\t\t<\/span>\n\t\t\t\t\t<\/a>\n\t\t\t\t<\/div>\n\t\t\t\t\t\t\t\t<\/div>\n\t\t\t\t<\/div>\n\t\t\t\t<\/div>\n\t\t\t\t<\/div>\n\t\t\t\t<\/div>\n\t\t\t\t\t<\/div>\n\t\t\t\t<\/div>\n\t\t<div class=\"elementor-element elementor-element-f437383 e-flex e-con-boxed e-con e-parent\" data-id=\"f437383\" data-element_type=\"container\" data-e-type=\"container\" id=\"development-factory\" data-settings=\"{&quot;background_background&quot;:&quot;classic&quot;}\">\n\t\t\t\t\t<div class=\"e-con-inner\">\n\t\t<div class=\"elementor-element elementor-element-114a67a e-con-full e-flex e-con e-child\" data-id=\"114a67a\" data-element_type=\"container\" data-e-type=\"container\" data-settings=\"{&quot;background_background&quot;:&quot;classic&quot;}\">\n\t\t<div class=\"elementor-element elementor-element-28b4bd9 e-con-full e-flex e-con e-child\" data-id=\"28b4bd9\" data-element_type=\"container\" data-e-type=\"container\">\n\t\t\t\t<div class=\"elementor-element elementor-element-0e45766 elementor-widget elementor-widget-heading\" data-id=\"0e45766\" data-element_type=\"widget\" data-e-type=\"widget\" data-widget_type=\"heading.default\">\n\t\t\t\t<div class=\"elementor-widget-container\">\n\t\t\t\t\t<h2 class=\"elementor-heading-title elementor-size-default\">SAP-Entwicklungszentrum \u2013 Development Factory<\/h2>\t\t\t\t<\/div>\n\t\t\t\t<\/div>\n\t\t\t\t<div class=\"elementor-element elementor-element-fd0af5b elementor-widget elementor-widget-text-editor\" data-id=\"fd0af5b\" data-element_type=\"widget\" data-e-type=\"widget\" data-widget_type=\"text-editor.default\">\n\t\t\t\t<div class=\"elementor-widget-container\">\n\t\t\t\t\t\t\t\t\t<p>Die <strong>Amarok Studio<\/strong> hat den ersten Schritt unternommen, ein eigenes internes Entwicklerteam aufzubauen. Unser Ziel ist es, ein umfassendes Know-how zu entwickeln, das das gesamte Spektrum der typischen Entwicklungsaufgaben im <strong>SAP-System<\/strong> abdeckt. <\/p>\t\t\t\t\t\t\t\t<\/div>\n\t\t\t\t<\/div>\n\t\t\t\t<div class=\"elementor-element elementor-element-4130696 elementor-widget elementor-widget-text-editor\" data-id=\"4130696\" data-element_type=\"widget\" data-e-type=\"widget\" data-widget_type=\"text-editor.default\">\n\t\t\t\t<div class=\"elementor-widget-container\">\n\t\t\t\t\t\t\t\t\t<p>Unsere Kunden k\u00f6nnen sich bei allen Entwicklungsaufgaben auf dieses Expertenteam verlassen. Es erm\u00f6glicht eine optimale Ressourcenzuweisung zwischen Junior-, Medior- und Senior-Entwicklern.<\/p>\t\t\t\t\t\t\t\t<\/div>\n\t\t\t\t<\/div>\n\t\t\t\t<\/div>\n\t\t<div class=\"elementor-element elementor-element-8fb1466 e-con-full e-flex e-con e-child\" data-id=\"8fb1466\" data-element_type=\"container\" data-e-type=\"container\">\n\t\t\t\t<div class=\"elementor-element elementor-element-4250af1 elementor-widget elementor-widget-image\" data-id=\"4250af1\" data-element_type=\"widget\" data-e-type=\"widget\" data-widget_type=\"image.default\">\n\t\t\t\t<div class=\"elementor-widget-container\">\n\t\t\t\t\t\t\t\t\t\t\t\t\t\t\t<img fetchpriority=\"high\" decoding=\"async\" width=\"800\" height=\"600\" src=\"https:\/\/amarokstudio.hu\/wp-content\/uploads\/2025\/05\/development-factory.webp\" class=\"attachment-large size-large wp-image-4323\" alt=\"SAP Entwicklungszentrum\" srcset=\"https:\/\/amarokstudio.hu\/wp-content\/uploads\/2025\/05\/development-factory.webp 1024w, https:\/\/amarokstudio.hu\/wp-content\/uploads\/2025\/05\/development-factory-300x225.webp 300w, https:\/\/amarokstudio.hu\/wp-content\/uploads\/2025\/05\/development-factory-768x576.webp 768w\" sizes=\"(max-width: 800px) 100vw, 800px\" \/>\t\t\t\t\t\t\t\t\t\t\t\t\t\t\t<\/div>\n\t\t\t\t<\/div>\n\t\t\t\t<\/div>\n\t\t\t\t<\/div>\n\t\t\t\t\t<\/div>\n\t\t\t\t<\/div>\n\t\t<div class=\"elementor-element elementor-element-aa4b2db e-flex e-con-boxed e-con e-parent\" data-id=\"aa4b2db\" data-element_type=\"container\" data-e-type=\"container\" data-settings=\"{&quot;background_background&quot;:&quot;classic&quot;}\">\n\t\t\t\t\t<div class=\"e-con-inner\">\n\t\t<div class=\"elementor-element elementor-element-86dbc2c e-con-full e-flex e-con e-child\" data-id=\"86dbc2c\" data-element_type=\"container\" data-e-type=\"container\" data-settings=\"{&quot;background_background&quot;:&quot;classic&quot;}\">\n\t\t<div class=\"elementor-element elementor-element-fa19cfa e-con-full e-flex e-con e-child\" data-id=\"fa19cfa\" data-element_type=\"container\" data-e-type=\"container\">\n\t\t\t\t<div class=\"elementor-element elementor-element-da12f94 elementor-widget elementor-widget-image\" data-id=\"da12f94\" data-element_type=\"widget\" data-e-type=\"widget\" data-widget_type=\"image.default\">\n\t\t\t\t<div class=\"elementor-widget-container\">\n\t\t\t\t\t\t\t\t\t\t\t\t\t\t\t<img decoding=\"async\" width=\"800\" height=\"600\" src=\"https:\/\/amarokstudio.hu\/wp-content\/uploads\/2025\/05\/development-factory-2.webp\" class=\"attachment-large size-large wp-image-4343\" alt=\"SAP fejleszt\u00e9si k\u00f6zpont - Development Factory\" srcset=\"https:\/\/amarokstudio.hu\/wp-content\/uploads\/2025\/05\/development-factory-2.webp 1024w, https:\/\/amarokstudio.hu\/wp-content\/uploads\/2025\/05\/development-factory-2-300x225.webp 300w, https:\/\/amarokstudio.hu\/wp-content\/uploads\/2025\/05\/development-factory-2-768x576.webp 768w\" sizes=\"(max-width: 800px) 100vw, 800px\" \/>\t\t\t\t\t\t\t\t\t\t\t\t\t\t\t<\/div>\n\t\t\t\t<\/div>\n\t\t\t\t<\/div>\n\t\t<div class=\"elementor-element elementor-element-cfaa71d e-con-full e-flex e-con e-child\" data-id=\"cfaa71d\" data-element_type=\"container\" data-e-type=\"container\">\n\t\t\t\t<div class=\"elementor-element elementor-element-262e8e6 elementor-widget elementor-widget-text-editor\" data-id=\"262e8e6\" data-element_type=\"widget\" data-e-type=\"widget\" data-widget_type=\"text-editor.default\">\n\t\t\t\t<div class=\"elementor-widget-container\">\n\t\t\t\t\t\t\t\t\t<p>Die Struktur unserer Development Factory erlaubt die Umsetzung von Entwicklungsprojekten jeder Gr\u00f6\u00dfe \u2013 von kleineren Aufgaben mit ein oder zwei Entwicklern \u00fcber modulbezogene Teilentwicklungen bis hin zur vollst\u00e4ndigen Durchf\u00fchrung umfassender Entwicklungsprojekte. Bei Bedarf k\u00f6nnen auch Teilprojektleiter eingebunden werden. Zudem unterst\u00fctzen wir den laufenden Betrieb bestehender SAP-Systeme.<\/p>\t\t\t\t\t\t\t\t<\/div>\n\t\t\t\t<\/div>\n\t\t\t\t<div class=\"elementor-element elementor-element-49729d4 elementor-widget elementor-widget-text-editor\" data-id=\"49729d4\" data-element_type=\"widget\" data-e-type=\"widget\" data-widget_type=\"text-editor.default\">\n\t\t\t\t<div class=\"elementor-widget-container\">\n\t\t\t\t\t\t\t\t\t<p>Wir setzen auf einen <strong>One-to-One-Ansatz<\/strong>, bei dem sowohl auf Kundenseite als auch bei <strong>Amarok Studio<\/strong> ein dedizierter Experte f\u00fcr die Aufgabenverteilung und Projektsteuerung verantwortlich ist. Dieses Modell minimiert Kommunikationsprobleme, beschleunigt die Arbeitsprozesse und gew\u00e4hrleistet eine durchg\u00e4ngige Qualit\u00e4tssicherung \u00fcber den gesamten Entwicklungszyklus hinweg. Der von uns eingesetzte Ansprechpartner ist stets ein erfahrener Senior-Experte, der Junior- und Medior-Entwickler betreut und gleichzeitig f\u00fcr die vollst\u00e4ndige Umsetzung der Kundenanforderungen sorgt.  <\/p>\t\t\t\t\t\t\t\t<\/div>\n\t\t\t\t<\/div>\n\t\t\t\t<div class=\"elementor-element elementor-element-b3ca4bb elementor-widget elementor-widget-button\" data-id=\"b3ca4bb\" data-element_type=\"widget\" data-e-type=\"widget\" data-widget_type=\"button.default\">\n\t\t\t\t<div class=\"elementor-widget-container\">\n\t\t\t\t\t\t\t\t\t<div class=\"elementor-button-wrapper\">\n\t\t\t\t\t<a class=\"elementor-button elementor-button-link elementor-size-sm\" href=\"mailto:info@amarokstudio.hu\">\n\t\t\t\t\t\t<span class=\"elementor-button-content-wrapper\">\n\t\t\t\t\t\t\t\t\t<span class=\"elementor-button-text\">Kontakt aufnehmen<\/span>\n\t\t\t\t\t<\/span>\n\t\t\t\t\t<\/a>\n\t\t\t\t<\/div>\n\t\t\t\t\t\t\t\t<\/div>\n\t\t\t\t<\/div>\n\t\t\t\t<\/div>\n\t\t\t\t<\/div>\n\t\t\t\t\t<\/div>\n\t\t\t\t<\/div>\n\t\t\t\t<\/div>\n\t\t","protected":false},"excerpt":{"rendered":"<p>SAP-Entwicklungszentrum \u2013 Development Factory Fachkompetenz in einem strukturierten Team Mehr erfahren! SAP-Entwicklungszentrum \u2013 Development Factory Die Amarok Studio hat den ersten Schritt unternommen, ein eigenes internes Entwicklerteam aufzubauen. Unser Ziel ist es, ein umfassendes Know-how zu entwickeln, das das gesamte Spektrum der typischen Entwicklungsaufgaben im SAP-System abdeckt. Unsere Kunden k\u00f6nnen sich bei allen Entwicklungsaufgaben auf [&hellip;]<\/p>\n","protected":false},"author":1,"featured_media":0,"parent":0,"menu_order":0,"comment_status":"closed","ping_status":"closed","template":"elementor_header_footer","meta":{"footnotes":""},"class_list":["post-4494","page","type-page","status-publish","hentry"],"_links":{"self":[{"href":"https:\/\/amarokstudio.hu\/de\/wp-json\/wp\/v2\/pages\/4494","targetHints":{"allow":["GET"]}}],"collection":[{"href":"https:\/\/amarokstudio.hu\/de\/wp-json\/wp\/v2\/pages"}],"about":[{"href":"https:\/\/amarokstudio.hu\/de\/wp-json\/wp\/v2\/types\/page"}],"author":[{"embeddable":true,"href":"https:\/\/amarokstudio.hu\/de\/wp-json\/wp\/v2\/users\/1"}],"replies":[{"embeddable":true,"href":"https:\/\/amarokstudio.hu\/de\/wp-json\/wp\/v2\/comments?post=4494"}],"version-history":[{"count":2,"href":"https:\/\/amarokstudio.hu\/de\/wp-json\/wp\/v2\/pages\/4494\/revisions"}],"predecessor-version":[{"id":4496,"href":"https:\/\/amarokstudio.hu\/de\/wp-json\/wp\/v2\/pages\/4494\/revisions\/4496"}],"wp:attachment":[{"href":"https:\/\/amarokstudio.hu\/de\/wp-json\/wp\/v2\/media?parent=4494"}],"curies":[{"name":"wp","href":"https:\/\/api.w.org\/{rel}","templated":true}]}}