{"id":4498,"date":"2025-04-26T16:43:53","date_gmt":"2025-04-26T14:43:53","guid":{"rendered":"https:\/\/amarokstudio.hu\/spezialistenvermittlung\/"},"modified":"2025-08-01T11:37:59","modified_gmt":"2025-08-01T09:37:59","slug":"spezialistenvermittlung","status":"publish","type":"page","link":"https:\/\/amarokstudio.hu\/de\/spezialistenvermittlung\/","title":{"rendered":"Spezialistenvermittlung"},"content":{"rendered":"\t\t<div data-elementor-type=\"wp-page\" data-elementor-id=\"4498\" class=\"elementor elementor-4498 elementor-711\" data-elementor-post-type=\"page\">\n\t\t\t\t<div class=\"elementor-element elementor-element-2b2a625b e-flex e-con-boxed e-con e-parent\" data-id=\"2b2a625b\" data-element_type=\"container\" data-e-type=\"container\" data-settings=\"{&quot;background_background&quot;:&quot;classic&quot;}\">\n\t\t\t\t\t<div class=\"e-con-inner\">\n\t\t<div class=\"elementor-element elementor-element-e76592d e-con-full e-flex e-con e-child\" data-id=\"e76592d\" data-element_type=\"container\" data-e-type=\"container\">\n\t\t<div class=\"elementor-element elementor-element-5a0f1ad e-con-full e-flex e-con e-child\" data-id=\"5a0f1ad\" data-element_type=\"container\" data-e-type=\"container\">\n\t\t\t\t<div class=\"elementor-element elementor-element-aea24d9 elementor-widget elementor-widget-heading\" data-id=\"aea24d9\" data-element_type=\"widget\" data-e-type=\"widget\" data-widget_type=\"heading.default\">\n\t\t\t\t<div class=\"elementor-widget-container\">\n\t\t\t\t\t<h1 class=\"elementor-heading-title elementor-size-default\">SAP Spezialistenvermittlung<\/h1>\t\t\t\t<\/div>\n\t\t\t\t<\/div>\n\t\t\t\t<div class=\"elementor-element elementor-element-26225d0 elementor-widget elementor-widget-heading\" data-id=\"26225d0\" data-element_type=\"widget\" data-e-type=\"widget\" data-widget_type=\"heading.default\">\n\t\t\t\t<div class=\"elementor-widget-container\">\n\t\t\t\t\t<span class=\"elementor-heading-title elementor-size-default\">Sie ben\u00f6tigen nur einen einzigen Experten?\n<\/span>\t\t\t\t<\/div>\n\t\t\t\t<\/div>\n\t\t<div class=\"elementor-element elementor-element-b69d76b e-con-full e-flex e-con e-child\" data-id=\"b69d76b\" data-element_type=\"container\" data-e-type=\"container\">\n\t\t\t\t<div class=\"elementor-element elementor-element-14ecb86 elementor-widget elementor-widget-button\" data-id=\"14ecb86\" data-element_type=\"widget\" data-e-type=\"widget\" data-widget_type=\"button.default\">\n\t\t\t\t<div class=\"elementor-widget-container\">\n\t\t\t\t\t\t\t\t\t<div class=\"elementor-button-wrapper\">\n\t\t\t\t\t<a class=\"elementor-button elementor-button-link elementor-size-sm\" href=\"#szakerto-kozvetites\">\n\t\t\t\t\t\t<span class=\"elementor-button-content-wrapper\">\n\t\t\t\t\t\t\t\t\t<span class=\"elementor-button-text\">Erfahre mehr!<\/span>\n\t\t\t\t\t<\/span>\n\t\t\t\t\t<\/a>\n\t\t\t\t<\/div>\n\t\t\t\t\t\t\t\t<\/div>\n\t\t\t\t<\/div>\n\t\t\t\t<\/div>\n\t\t\t\t<\/div>\n\t\t\t\t<\/div>\n\t\t\t\t\t<\/div>\n\t\t\t\t<\/div>\n\t\t<div class=\"elementor-element elementor-element-8460b69 e-flex e-con-boxed e-con e-parent\" data-id=\"8460b69\" data-element_type=\"container\" data-e-type=\"container\" id=\"szakerto-kozvetites\" data-settings=\"{&quot;background_background&quot;:&quot;classic&quot;}\">\n\t\t\t\t\t<div class=\"e-con-inner\">\n\t\t<div class=\"elementor-element elementor-element-0cc90ff e-con-full e-flex e-con e-child\" data-id=\"0cc90ff\" data-element_type=\"container\" data-e-type=\"container\" data-settings=\"{&quot;background_background&quot;:&quot;classic&quot;}\">\n\t\t<div class=\"elementor-element elementor-element-91336c3 e-con-full e-flex e-con e-child\" data-id=\"91336c3\" data-element_type=\"container\" data-e-type=\"container\">\n\t\t\t\t<div class=\"elementor-element elementor-element-0f32ef2 elementor-widget elementor-widget-heading\" data-id=\"0f32ef2\" data-element_type=\"widget\" data-e-type=\"widget\" data-widget_type=\"heading.default\">\n\t\t\t\t<div class=\"elementor-widget-container\">\n\t\t\t\t\t<h2 class=\"elementor-heading-title elementor-size-default\">SAP Spezialistenvermittlung<\/h2>\t\t\t\t<\/div>\n\t\t\t\t<\/div>\n\t\t\t\t<div class=\"elementor-element elementor-element-bd9dbd2 elementor-widget elementor-widget-text-editor\" data-id=\"bd9dbd2\" data-element_type=\"widget\" data-e-type=\"widget\" data-widget_type=\"text-editor.default\">\n\t\t\t\t<div class=\"elementor-widget-container\">\n\t\t\t\t\t\t\t\t\t<p style=\"text-align: left;\">Unser Kerndienst besteht darin, dass wir f\u00fcr unsere Kunden den am besten geeigneten SAP-Experten f\u00fcr ein laufendes Projekt identifizieren \u2013 sei es ein Entwickler oder Berater. Wir greifen dabei auf unsere internen Ressourcen, auf das Netzwerk von AB Consulting oder auf unseren etablierten Expertenpool in Ungarn zur\u00fcck.<\/p>\t\t\t\t\t\t\t\t<\/div>\n\t\t\t\t<\/div>\n\t\t\t\t<\/div>\n\t\t<div class=\"elementor-element elementor-element-9a7a7f5 e-con-full e-flex e-con e-child\" data-id=\"9a7a7f5\" data-element_type=\"container\" data-e-type=\"container\">\n\t\t\t\t<div class=\"elementor-element elementor-element-2e722b9 elementor-widget elementor-widget-image\" data-id=\"2e722b9\" data-element_type=\"widget\" data-e-type=\"widget\" data-widget_type=\"image.default\">\n\t\t\t\t<div class=\"elementor-widget-container\">\n\t\t\t\t\t\t\t\t\t\t\t\t\t\t\t<img fetchpriority=\"high\" decoding=\"async\" width=\"800\" height=\"600\" src=\"https:\/\/amarokstudio.hu\/wp-content\/uploads\/2025\/05\/sap-szakerto-kozvetites.webp\" class=\"attachment-large size-large wp-image-4325\" alt=\"SAP Expertenvermittlung\" srcset=\"https:\/\/amarokstudio.hu\/wp-content\/uploads\/2025\/05\/sap-szakerto-kozvetites.webp 1024w, https:\/\/amarokstudio.hu\/wp-content\/uploads\/2025\/05\/sap-szakerto-kozvetites-300x225.webp 300w, https:\/\/amarokstudio.hu\/wp-content\/uploads\/2025\/05\/sap-szakerto-kozvetites-768x576.webp 768w\" sizes=\"(max-width: 800px) 100vw, 800px\" \/>\t\t\t\t\t\t\t\t\t\t\t\t\t\t\t<\/div>\n\t\t\t\t<\/div>\n\t\t\t\t<\/div>\n\t\t\t\t<\/div>\n\t\t\t\t\t<\/div>\n\t\t\t\t<\/div>\n\t\t<div class=\"elementor-element elementor-element-317c9de e-flex e-con-boxed e-con e-parent\" data-id=\"317c9de\" data-element_type=\"container\" data-e-type=\"container\" data-settings=\"{&quot;background_background&quot;:&quot;classic&quot;}\">\n\t\t\t\t\t<div class=\"e-con-inner\">\n\t\t<div class=\"elementor-element elementor-element-0b6f2ab e-con-full e-flex e-con e-child\" data-id=\"0b6f2ab\" data-element_type=\"container\" data-e-type=\"container\" data-settings=\"{&quot;background_background&quot;:&quot;classic&quot;}\">\n\t\t<div class=\"elementor-element elementor-element-0113427 e-con-full e-flex e-con e-child\" data-id=\"0113427\" data-element_type=\"container\" data-e-type=\"container\">\n\t\t\t\t<div class=\"elementor-element elementor-element-ef0dd3c elementor-widget elementor-widget-image\" data-id=\"ef0dd3c\" data-element_type=\"widget\" data-e-type=\"widget\" data-widget_type=\"image.default\">\n\t\t\t\t<div class=\"elementor-widget-container\">\n\t\t\t\t\t\t\t\t\t\t\t\t\t\t\t<img decoding=\"async\" width=\"800\" height=\"600\" src=\"https:\/\/amarokstudio.hu\/wp-content\/uploads\/2025\/05\/sap-szakerto-kozvetites-2.webp\" class=\"attachment-large size-large wp-image-4345\" alt=\"SAP szak\u00e9rt\u0151 k\u00f6zvet\u00edt\u00e9s\" srcset=\"https:\/\/amarokstudio.hu\/wp-content\/uploads\/2025\/05\/sap-szakerto-kozvetites-2.webp 1024w, https:\/\/amarokstudio.hu\/wp-content\/uploads\/2025\/05\/sap-szakerto-kozvetites-2-300x225.webp 300w, https:\/\/amarokstudio.hu\/wp-content\/uploads\/2025\/05\/sap-szakerto-kozvetites-2-768x576.webp 768w\" sizes=\"(max-width: 800px) 100vw, 800px\" \/>\t\t\t\t\t\t\t\t\t\t\t\t\t\t\t<\/div>\n\t\t\t\t<\/div>\n\t\t\t\t<\/div>\n\t\t<div class=\"elementor-element elementor-element-969268f e-con-full e-flex e-con e-child\" data-id=\"969268f\" data-element_type=\"container\" data-e-type=\"container\">\n\t\t\t\t<div class=\"elementor-element elementor-element-3501f23f elementor-widget elementor-widget-text-editor\" data-id=\"3501f23f\" data-element_type=\"widget\" data-e-type=\"widget\" data-widget_type=\"text-editor.default\">\n\t\t\t\t<div class=\"elementor-widget-container\">\n\t\t\t\t\t\t\t\t\t<p>In diesen F\u00e4llen \u00fcbernehmen wir typischerweise die Vermittlungsrolle: Wir suchen den gew\u00fcnschten Experten und stellen ihn dem Kunden zur Verf\u00fcgung. Doch unser Ansatz geht weit \u00fcber herk\u00f6mmliches Body Leasing hinaus! Wird ein Experte durch uns vermittelt, profitiert er von einem kontinuierlichen fachlichen Support. Gleichzeitig messen wir fortlaufend die Kundenzufriedenheit und greifen bei etwaigen Problemen sofort ein \u2013 bei Bedarf stellen wir schnellstm\u00f6glich einen neuen Spezialisten zur Verf\u00fcgung.  <\/p>\t\t\t\t\t\t\t\t<\/div>\n\t\t\t\t<\/div>\n\t\t\t\t<div class=\"elementor-element elementor-element-a0b1781 elementor-widget elementor-widget-button\" data-id=\"a0b1781\" data-element_type=\"widget\" data-e-type=\"widget\" data-widget_type=\"button.default\">\n\t\t\t\t<div class=\"elementor-widget-container\">\n\t\t\t\t\t\t\t\t\t<div class=\"elementor-button-wrapper\">\n\t\t\t\t\t<a class=\"elementor-button elementor-button-link elementor-size-sm\" href=\"mailto:info@amarokstudio.hu\">\n\t\t\t\t\t\t<span class=\"elementor-button-content-wrapper\">\n\t\t\t\t\t\t\t\t\t<span class=\"elementor-button-text\">Kontaktieren Sie uns!<\/span>\n\t\t\t\t\t<\/span>\n\t\t\t\t\t<\/a>\n\t\t\t\t<\/div>\n\t\t\t\t\t\t\t\t<\/div>\n\t\t\t\t<\/div>\n\t\t\t\t<\/div>\n\t\t\t\t<\/div>\n\t\t\t\t\t<\/div>\n\t\t\t\t<\/div>\n\t\t\t\t<\/div>\n\t\t","protected":false},"excerpt":{"rendered":"<p>SAP Spezialistenvermittlung Sie ben\u00f6tigen nur einen einzigen Experten? Erfahre mehr! SAP Spezialistenvermittlung Unser Kerndienst besteht darin, dass wir f\u00fcr unsere Kunden den am besten geeigneten SAP-Experten f\u00fcr ein laufendes Projekt identifizieren \u2013 sei es ein Entwickler oder Berater. Wir greifen dabei auf unsere internen Ressourcen, auf das Netzwerk von AB Consulting oder auf unseren etablierten [&hellip;]<\/p>\n","protected":false},"author":1,"featured_media":0,"parent":0,"menu_order":0,"comment_status":"closed","ping_status":"closed","template":"elementor_header_footer","meta":{"footnotes":""},"class_list":["post-4498","page","type-page","status-publish","hentry"],"_links":{"self":[{"href":"https:\/\/amarokstudio.hu\/de\/wp-json\/wp\/v2\/pages\/4498","targetHints":{"allow":["GET"]}}],"collection":[{"href":"https:\/\/amarokstudio.hu\/de\/wp-json\/wp\/v2\/pages"}],"about":[{"href":"https:\/\/amarokstudio.hu\/de\/wp-json\/wp\/v2\/types\/page"}],"author":[{"embeddable":true,"href":"https:\/\/amarokstudio.hu\/de\/wp-json\/wp\/v2\/users\/1"}],"replies":[{"embeddable":true,"href":"https:\/\/amarokstudio.hu\/de\/wp-json\/wp\/v2\/comments?post=4498"}],"version-history":[{"count":1,"href":"https:\/\/amarokstudio.hu\/de\/wp-json\/wp\/v2\/pages\/4498\/revisions"}],"predecessor-version":[{"id":4499,"href":"https:\/\/amarokstudio.hu\/de\/wp-json\/wp\/v2\/pages\/4498\/revisions\/4499"}],"wp:attachment":[{"href":"https:\/\/amarokstudio.hu\/de\/wp-json\/wp\/v2\/media?parent=4498"}],"curies":[{"name":"wp","href":"https:\/\/api.w.org\/{rel}","templated":true}]}}