{"id":4506,"date":"2025-05-01T13:24:55","date_gmt":"2025-05-01T11:24:55","guid":{"rendered":"https:\/\/amarokstudio.hu\/dienstleistungen\/"},"modified":"2025-08-01T12:23:20","modified_gmt":"2025-08-01T10:23:20","slug":"dienstleistungen","status":"publish","type":"page","link":"https:\/\/amarokstudio.hu\/de\/dienstleistungen\/","title":{"rendered":"Dienstleistungen"},"content":{"rendered":"\t\t<div data-elementor-type=\"wp-page\" data-elementor-id=\"4506\" class=\"elementor elementor-4506 elementor-2259\" data-elementor-post-type=\"page\">\n\t\t\t\t<div class=\"elementor-element elementor-element-dc346ce e-flex e-con-boxed e-con e-parent\" data-id=\"dc346ce\" data-element_type=\"container\" data-e-type=\"container\" data-settings=\"{&quot;background_background&quot;:&quot;classic&quot;}\">\n\t\t\t\t\t<div class=\"e-con-inner\">\n\t\t<div class=\"elementor-element elementor-element-5de8e34 e-con-full e-flex e-con e-child\" data-id=\"5de8e34\" data-element_type=\"container\" data-e-type=\"container\">\n\t\t<div class=\"elementor-element elementor-element-5947c3b e-con-full e-flex e-con e-child\" data-id=\"5947c3b\" data-element_type=\"container\" data-e-type=\"container\">\n\t\t\t\t<div class=\"elementor-element elementor-element-da76bbb elementor-widget elementor-widget-heading\" data-id=\"da76bbb\" data-element_type=\"widget\" data-e-type=\"widget\" data-widget_type=\"heading.default\">\n\t\t\t\t<div class=\"elementor-widget-container\">\n\t\t\t\t\t<h1 class=\"elementor-heading-title elementor-size-default\">SAP-Entwicklungsdienstleistungen<\/h1>\t\t\t\t<\/div>\n\t\t\t\t<\/div>\n\t\t\t\t<div class=\"elementor-element elementor-element-d9e4849 elementor-widget elementor-widget-heading\" data-id=\"d9e4849\" data-element_type=\"widget\" data-e-type=\"widget\" data-widget_type=\"heading.default\">\n\t\t\t\t<div class=\"elementor-widget-container\">\n\t\t\t\t\t<span class=\"elementor-heading-title elementor-size-default\">Ein Projekt ist dann erfolgreich, wenn Entwickler und Berater Hand in Hand arbeiten \u2013 wir unterst\u00fctzen unsere Kunden in beiden Bereichen.<\/span>\t\t\t\t<\/div>\n\t\t\t\t<\/div>\n\t\t<div class=\"elementor-element elementor-element-4cb77db e-con-full e-flex e-con e-child\" data-id=\"4cb77db\" data-element_type=\"container\" data-e-type=\"container\">\n\t\t\t\t<div class=\"elementor-element elementor-element-1ff83b9 elementor-widget elementor-widget-button\" data-id=\"1ff83b9\" data-element_type=\"widget\" data-e-type=\"widget\" data-widget_type=\"button.default\">\n\t\t\t\t<div class=\"elementor-widget-container\">\n\t\t\t\t\t\t\t\t\t<div class=\"elementor-button-wrapper\">\n\t\t\t\t\t<a class=\"elementor-button elementor-button-link elementor-size-sm\" href=\"#informacio\">\n\t\t\t\t\t\t<span class=\"elementor-button-content-wrapper\">\n\t\t\t\t\t\t\t\t\t<span class=\"elementor-button-text\">Mehr erfahren<\/span>\n\t\t\t\t\t<\/span>\n\t\t\t\t\t<\/a>\n\t\t\t\t<\/div>\n\t\t\t\t\t\t\t\t<\/div>\n\t\t\t\t<\/div>\n\t\t\t\t<\/div>\n\t\t\t\t<\/div>\n\t\t\t\t<\/div>\n\t\t\t\t\t<\/div>\n\t\t\t\t<\/div>\n\t\t<div class=\"elementor-element elementor-element-ad55e1d e-flex e-con-boxed e-con e-parent\" data-id=\"ad55e1d\" data-element_type=\"container\" data-e-type=\"container\" id=\"informacio\" data-settings=\"{&quot;background_background&quot;:&quot;classic&quot;}\">\n\t\t\t\t\t<div class=\"e-con-inner\">\n\t\t<div class=\"elementor-element elementor-element-2d22460 e-con-full e-flex e-con e-child\" data-id=\"2d22460\" data-element_type=\"container\" data-e-type=\"container\" data-settings=\"{&quot;background_background&quot;:&quot;classic&quot;}\">\n\t\t<div class=\"elementor-element elementor-element-1f78b93 e-con-full e-flex e-con e-child\" data-id=\"1f78b93\" data-element_type=\"container\" data-e-type=\"container\">\n\t\t\t\t<div class=\"elementor-element elementor-element-4e85729 elementor-widget elementor-widget-text-editor\" data-id=\"4e85729\" data-element_type=\"widget\" data-e-type=\"widget\" data-widget_type=\"text-editor.default\">\n\t\t\t\t<div class=\"elementor-widget-container\">\n\t\t\t\t\t\t\t\t\t<p>SAP-Entwicklung und Beratung \u2013 <span style=\"color: #027cfe;\">im Fokus stehen Ihre Anforderungen<\/span><\/p>\t\t\t\t\t\t\t\t<\/div>\n\t\t\t\t<\/div>\n\t\t\t\t<div class=\"elementor-element elementor-element-6356842 elementor-widget elementor-widget-text-editor\" data-id=\"6356842\" data-element_type=\"widget\" data-e-type=\"widget\" data-widget_type=\"text-editor.default\">\n\t\t\t\t<div class=\"elementor-widget-container\">\n\t\t\t\t\t\t\t\t\t<p>Nach der Gr\u00fcndung konzentrierte sich Amarok Studio zun\u00e4chst auf die Durchf\u00fchrung von Entwicklungsprojekten im <span style=\"color: #000000;\"><strong>SAP-Umfeld.<\/strong><\/span> Gleichzeitig konnten wir \u2013 von Anfang an \u2013 dank des Expertennetzwerks von AB Consulting auch Beratungsleistungen anbieten, die gezielt auf Kundenbed\u00fcrfnisse eingehen. Ob es um begleitende Beratung zu einem beauftragten Entwicklungsprojekt, die Bereitstellung fehlender Berater in laufenden Kundenprojekten, komplexe Projektaufgaben oder den Support eines bestehenden SAP-Systems geht \u2013 wir stehen Ihnen kompetent zur Seite. <\/p>\t\t\t\t\t\t\t\t<\/div>\n\t\t\t\t<\/div>\n\t\t\t\t<\/div>\n\t\t<div class=\"elementor-element elementor-element-54926a9 e-con-full e-flex e-con e-child\" data-id=\"54926a9\" data-element_type=\"container\" data-e-type=\"container\">\n\t\t\t\t<div class=\"elementor-element elementor-element-008176b elementor-widget elementor-widget-image\" data-id=\"008176b\" data-element_type=\"widget\" data-e-type=\"widget\" data-widget_type=\"image.default\">\n\t\t\t\t<div class=\"elementor-widget-container\">\n\t\t\t\t\t\t\t\t\t\t\t\t\t\t\t<img fetchpriority=\"high\" decoding=\"async\" width=\"800\" height=\"595\" src=\"https:\/\/amarokstudio.hu\/wp-content\/uploads\/2025\/05\/szolgaltatasok-sap-fejlesztes-1024x761.jpg\" class=\"attachment-large size-large wp-image-4309\" alt=\"SAP fejleszt\u00e9si szolg\u00e1ltat\u00e1sok\" srcset=\"https:\/\/amarokstudio.hu\/wp-content\/uploads\/2025\/05\/szolgaltatasok-sap-fejlesztes-1024x761.jpg 1024w, https:\/\/amarokstudio.hu\/wp-content\/uploads\/2025\/05\/szolgaltatasok-sap-fejlesztes-300x223.jpg 300w, https:\/\/amarokstudio.hu\/wp-content\/uploads\/2025\/05\/szolgaltatasok-sap-fejlesztes-768x571.jpg 768w, https:\/\/amarokstudio.hu\/wp-content\/uploads\/2025\/05\/szolgaltatasok-sap-fejlesztes-1536x1142.jpg 1536w, https:\/\/amarokstudio.hu\/wp-content\/uploads\/2025\/05\/szolgaltatasok-sap-fejlesztes-2048x1522.jpg 2048w\" sizes=\"(max-width: 800px) 100vw, 800px\" \/>\t\t\t\t\t\t\t\t\t\t\t\t\t\t\t<\/div>\n\t\t\t\t<\/div>\n\t\t\t\t<\/div>\n\t\t\t\t<\/div>\n\t\t\t\t\t<\/div>\n\t\t\t\t<\/div>\n\t\t<div class=\"elementor-element elementor-element-c62ad4c e-flex e-con-boxed e-con e-parent\" data-id=\"c62ad4c\" data-element_type=\"container\" data-e-type=\"container\" data-settings=\"{&quot;background_background&quot;:&quot;classic&quot;}\">\n\t\t\t\t\t<div class=\"e-con-inner\">\n\t\t\t\t<div class=\"elementor-element elementor-element-acc3a55 elementor-widget elementor-widget-heading\" data-id=\"acc3a55\" data-element_type=\"widget\" data-e-type=\"widget\" data-widget_type=\"heading.default\">\n\t\t\t\t<div class=\"elementor-widget-container\">\n\t\t\t\t\t<h2 class=\"elementor-heading-title elementor-size-default\">SAP-Entwicklungsdienstleistungen<\/h2>\t\t\t\t<\/div>\n\t\t\t\t<\/div>\n\t\t\t\t<div class=\"elementor-element elementor-element-3f33e81 elementor-widget elementor-widget-text-editor\" data-id=\"3f33e81\" data-element_type=\"widget\" data-e-type=\"widget\" data-widget_type=\"text-editor.default\">\n\t\t\t\t<div class=\"elementor-widget-container\">\n\t\t\t\t\t\t\t\t\t<p>Drei verschiedene Services, ein gemeinsames Ziel: Ihr erfolgreiches SAP-Projekt.<\/p>\t\t\t\t\t\t\t\t<\/div>\n\t\t\t\t<\/div>\n\t\t<div class=\"elementor-element elementor-element-26891bd e-con-full e-flex e-con e-child\" data-id=\"26891bd\" data-element_type=\"container\" data-e-type=\"container\">\n\t\t<div class=\"elementor-element elementor-element-4d7ceaa e-con-full e-flex e-con e-child\" data-id=\"4d7ceaa\" data-element_type=\"container\" data-e-type=\"container\" data-settings=\"{&quot;background_background&quot;:&quot;classic&quot;}\">\n\t\t<div class=\"elementor-element elementor-element-0dd2597 e-con-full e-flex e-con e-child\" data-id=\"0dd2597\" data-element_type=\"container\" data-e-type=\"container\">\n\t\t\t\t<div class=\"elementor-element elementor-element-fe39e52 elementor-widget elementor-widget-image\" data-id=\"fe39e52\" data-element_type=\"widget\" data-e-type=\"widget\" data-widget_type=\"image.default\">\n\t\t\t\t<div class=\"elementor-widget-container\">\n\t\t\t\t\t\t\t\t\t\t\t\t\t\t\t<img decoding=\"async\" width=\"800\" height=\"600\" src=\"https:\/\/amarokstudio.hu\/wp-content\/uploads\/2025\/05\/junior-sap-fejleszto-kepzes.webp\" class=\"attachment-large size-large wp-image-4321\" alt=\"Junior SAP Ausbildung\" srcset=\"https:\/\/amarokstudio.hu\/wp-content\/uploads\/2025\/05\/junior-sap-fejleszto-kepzes.webp 1024w, https:\/\/amarokstudio.hu\/wp-content\/uploads\/2025\/05\/junior-sap-fejleszto-kepzes-300x225.webp 300w, https:\/\/amarokstudio.hu\/wp-content\/uploads\/2025\/05\/junior-sap-fejleszto-kepzes-768x576.webp 768w\" sizes=\"(max-width: 800px) 100vw, 800px\" \/>\t\t\t\t\t\t\t\t\t\t\t\t\t\t\t<\/div>\n\t\t\t\t<\/div>\n\t\t\t\t<\/div>\n\t\t<div class=\"elementor-element elementor-element-62932c3 e-con-full e-flex e-con e-child\" data-id=\"62932c3\" data-element_type=\"container\" data-e-type=\"container\">\n\t\t<div class=\"elementor-element elementor-element-7dd7156 e-con-full e-flex e-con e-child\" data-id=\"7dd7156\" data-element_type=\"container\" data-e-type=\"container\">\n\t\t\t\t<div class=\"elementor-element elementor-element-8b71832 elementor-widget elementor-widget-heading\" data-id=\"8b71832\" data-element_type=\"widget\" data-e-type=\"widget\" data-widget_type=\"heading.default\">\n\t\t\t\t<div class=\"elementor-widget-container\">\n\t\t\t\t\t<h2 class=\"elementor-heading-title elementor-size-default\"><a href=\"https:\/\/amarokstudio.hu\/junior-sap-kepzes\/\">Junior Ausbildungsprogramm<\/a><\/h2>\t\t\t\t<\/div>\n\t\t\t\t<\/div>\n\t\t\t\t<div class=\"elementor-element elementor-element-f23bd00 elementor-widget elementor-widget-text-editor\" data-id=\"f23bd00\" data-element_type=\"widget\" data-e-type=\"widget\" data-widget_type=\"text-editor.default\">\n\t\t\t\t<div class=\"elementor-widget-container\">\n\t\t\t\t\t\t\t\t\t<p><i>Wir unterst\u00fctzen die Ausbildung zuk\u00fcnftiger SAP-Experten \u2013 individuell, sogar ON-DEMAND nach Kundenbedarf.<\/i><\/p>\t\t\t\t\t\t\t\t<\/div>\n\t\t\t\t<\/div>\n\t\t\t\t<div class=\"elementor-element elementor-element-c519337 elementor-widget elementor-widget-text-editor\" data-id=\"c519337\" data-element_type=\"widget\" data-e-type=\"widget\" data-widget_type=\"text-editor.default\">\n\t\t\t\t<div class=\"elementor-widget-container\">\n\t\t\t\t\t\t\t\t\t<p style=\"text-align: left;\">In unserem viermonatigen Vollzeit-Trainingsprogramm erwerben die Teilnehmer alle erforderlichen theoretischen und praktischen Grundlagen. Anschlie\u00dfend k\u00f6nnen sie \u2013 mit Unterst\u00fctzung durch erfahrene Mentoren \u2013 in Projekte unserer Kunden einsteigen, sei es in Ungarn oder in Westeuropa.<\/p>\t\t\t\t\t\t\t\t<\/div>\n\t\t\t\t<\/div>\n\t\t\t\t<\/div>\n\t\t\t\t<div class=\"elementor-element elementor-element-a4d30b2 elementor-widget elementor-widget-button\" data-id=\"a4d30b2\" data-element_type=\"widget\" data-e-type=\"widget\" data-widget_type=\"button.default\">\n\t\t\t\t<div class=\"elementor-widget-container\">\n\t\t\t\t\t\t\t\t\t<div class=\"elementor-button-wrapper\">\n\t\t\t\t\t<a class=\"elementor-button elementor-button-link elementor-size-sm\" href=\"https:\/\/amarokstudio.hu\/de\/junior-ausbildungsprogramm\/\">\n\t\t\t\t\t\t<span class=\"elementor-button-content-wrapper\">\n\t\t\t\t\t\t\t\t\t<span class=\"elementor-button-text\">Weitere Informationen<\/span>\n\t\t\t\t\t<\/span>\n\t\t\t\t\t<\/a>\n\t\t\t\t<\/div>\n\t\t\t\t\t\t\t\t<\/div>\n\t\t\t\t<\/div>\n\t\t\t\t<\/div>\n\t\t\t\t<\/div>\n\t\t<div class=\"elementor-element elementor-element-7caa476 e-con-full e-flex e-con e-child\" data-id=\"7caa476\" data-element_type=\"container\" data-e-type=\"container\" data-settings=\"{&quot;background_background&quot;:&quot;classic&quot;}\">\n\t\t<div class=\"elementor-element elementor-element-a27f282 e-con-full e-flex e-con e-child\" data-id=\"a27f282\" data-element_type=\"container\" data-e-type=\"container\">\n\t\t\t\t<div class=\"elementor-element elementor-element-541e5e2 elementor-widget elementor-widget-image\" data-id=\"541e5e2\" data-element_type=\"widget\" data-e-type=\"widget\" data-widget_type=\"image.default\">\n\t\t\t\t<div class=\"elementor-widget-container\">\n\t\t\t\t\t\t\t\t\t\t\t\t\t\t\t<img decoding=\"async\" width=\"800\" height=\"600\" src=\"https:\/\/amarokstudio.hu\/wp-content\/uploads\/2025\/05\/development-factory.webp\" class=\"attachment-large size-large wp-image-4323\" alt=\"SAP Entwicklungszentrum\" srcset=\"https:\/\/amarokstudio.hu\/wp-content\/uploads\/2025\/05\/development-factory.webp 1024w, https:\/\/amarokstudio.hu\/wp-content\/uploads\/2025\/05\/development-factory-300x225.webp 300w, https:\/\/amarokstudio.hu\/wp-content\/uploads\/2025\/05\/development-factory-768x576.webp 768w\" sizes=\"(max-width: 800px) 100vw, 800px\" \/>\t\t\t\t\t\t\t\t\t\t\t\t\t\t\t<\/div>\n\t\t\t\t<\/div>\n\t\t\t\t<\/div>\n\t\t<div class=\"elementor-element elementor-element-c15aedd e-con-full e-flex e-con e-child\" data-id=\"c15aedd\" data-element_type=\"container\" data-e-type=\"container\">\n\t\t<div class=\"elementor-element elementor-element-9957801 e-con-full e-flex e-con e-child\" data-id=\"9957801\" data-element_type=\"container\" data-e-type=\"container\">\n\t\t\t\t<div class=\"elementor-element elementor-element-1825928 elementor-widget elementor-widget-heading\" data-id=\"1825928\" data-element_type=\"widget\" data-e-type=\"widget\" data-widget_type=\"heading.default\">\n\t\t\t\t<div class=\"elementor-widget-container\">\n\t\t\t\t\t<h2 class=\"elementor-heading-title elementor-size-default\"><a href=\"https:\/\/amarokstudio.hu\/sap-fejlesztesi-kozpont\/\">Development Factory<\/a><\/h2>\t\t\t\t<\/div>\n\t\t\t\t<\/div>\n\t\t\t\t<div class=\"elementor-element elementor-element-5e1643b elementor-widget elementor-widget-text-editor\" data-id=\"5e1643b\" data-element_type=\"widget\" data-e-type=\"widget\" data-widget_type=\"text-editor.default\">\n\t\t\t\t<div class=\"elementor-widget-container\">\n\t\t\t\t\t\t\t\t\t<p><em>Mit unserem internen Entwicklerteam bieten wir L\u00f6sungen f\u00fcr jede komplexe SAP-Entwicklungsherausforderung.<\/em><\/p>\t\t\t\t\t\t\t\t<\/div>\n\t\t\t\t<\/div>\n\t\t\t\t<div class=\"elementor-element elementor-element-006c348 elementor-widget elementor-widget-text-editor\" data-id=\"006c348\" data-element_type=\"widget\" data-e-type=\"widget\" data-widget_type=\"text-editor.default\">\n\t\t\t\t<div class=\"elementor-widget-container\">\n\t\t\t\t\t\t\t\t\t<p style=\"text-align: left;\">Unser Entwicklungsteam arbeitet unter Anleitung erfahrener Mentoren und bietet skalierbare L\u00f6sungen \u2013 ob f\u00fcr die Entwicklung neuer Module, f\u00fcr Systemintegrationen oder f\u00fcr SAP-Support, stets angepasst an die Anforderungen des Kunden.<\/p>\t\t\t\t\t\t\t\t<\/div>\n\t\t\t\t<\/div>\n\t\t\t\t<\/div>\n\t\t\t\t<div class=\"elementor-element elementor-element-6be78a6 elementor-widget elementor-widget-button\" data-id=\"6be78a6\" data-element_type=\"widget\" data-e-type=\"widget\" data-widget_type=\"button.default\">\n\t\t\t\t<div class=\"elementor-widget-container\">\n\t\t\t\t\t\t\t\t\t<div class=\"elementor-button-wrapper\">\n\t\t\t\t\t<a class=\"elementor-button elementor-button-link elementor-size-sm\" href=\"https:\/\/amarokstudio.hu\/de\/development-factory\/\">\n\t\t\t\t\t\t<span class=\"elementor-button-content-wrapper\">\n\t\t\t\t\t\t\t\t\t<span class=\"elementor-button-text\">Weitere Informationen<\/span>\n\t\t\t\t\t<\/span>\n\t\t\t\t\t<\/a>\n\t\t\t\t<\/div>\n\t\t\t\t\t\t\t\t<\/div>\n\t\t\t\t<\/div>\n\t\t\t\t<\/div>\n\t\t\t\t<\/div>\n\t\t<div class=\"elementor-element elementor-element-2a7e208 e-con-full e-flex e-con e-child\" data-id=\"2a7e208\" data-element_type=\"container\" data-e-type=\"container\" data-settings=\"{&quot;background_background&quot;:&quot;classic&quot;}\">\n\t\t<div class=\"elementor-element elementor-element-9031989 e-con-full e-flex e-con e-child\" data-id=\"9031989\" data-element_type=\"container\" data-e-type=\"container\">\n\t\t\t\t<div class=\"elementor-element elementor-element-603bbc4 elementor-widget elementor-widget-image\" data-id=\"603bbc4\" data-element_type=\"widget\" data-e-type=\"widget\" data-widget_type=\"image.default\">\n\t\t\t\t<div class=\"elementor-widget-container\">\n\t\t\t\t\t\t\t\t\t\t\t\t\t\t\t<img loading=\"lazy\" decoding=\"async\" width=\"800\" height=\"600\" src=\"https:\/\/amarokstudio.hu\/wp-content\/uploads\/2025\/05\/sap-szakerto-kozvetites.webp\" class=\"attachment-large size-large wp-image-4325\" alt=\"SAP Expertenvermittlung\" srcset=\"https:\/\/amarokstudio.hu\/wp-content\/uploads\/2025\/05\/sap-szakerto-kozvetites.webp 1024w, https:\/\/amarokstudio.hu\/wp-content\/uploads\/2025\/05\/sap-szakerto-kozvetites-300x225.webp 300w, https:\/\/amarokstudio.hu\/wp-content\/uploads\/2025\/05\/sap-szakerto-kozvetites-768x576.webp 768w\" sizes=\"(max-width: 800px) 100vw, 800px\" \/>\t\t\t\t\t\t\t\t\t\t\t\t\t\t\t<\/div>\n\t\t\t\t<\/div>\n\t\t\t\t<\/div>\n\t\t<div class=\"elementor-element elementor-element-d7a4ed3 e-con-full e-flex e-con e-child\" data-id=\"d7a4ed3\" data-element_type=\"container\" data-e-type=\"container\" data-settings=\"{&quot;background_background&quot;:&quot;classic&quot;}\">\n\t\t<div class=\"elementor-element elementor-element-2e39553 e-con-full e-flex e-con e-child\" data-id=\"2e39553\" data-element_type=\"container\" data-e-type=\"container\">\n\t\t\t\t<div class=\"elementor-element elementor-element-c810566 elementor-widget elementor-widget-heading\" data-id=\"c810566\" data-element_type=\"widget\" data-e-type=\"widget\" data-widget_type=\"heading.default\">\n\t\t\t\t<div class=\"elementor-widget-container\">\n\t\t\t\t\t<h2 class=\"elementor-heading-title elementor-size-default\"><a href=\"https:\/\/amarokstudio.hu\/sap-szakerto-kozvetites\/\">Expertenvermittlung<\/a><\/h2>\t\t\t\t<\/div>\n\t\t\t\t<\/div>\n\t\t\t\t<div class=\"elementor-element elementor-element-e9b42a1 elementor-widget elementor-widget-text-editor\" data-id=\"e9b42a1\" data-element_type=\"widget\" data-e-type=\"widget\" data-widget_type=\"text-editor.default\">\n\t\t\t\t<div class=\"elementor-widget-container\">\n\t\t\t\t\t\t\t\t\t<p><em>Wenn Sie gezielt nach einem SAP-Experten suchen, helfen wir Ihnen, die ideale L\u00f6sung zu finden.<\/em><\/p>\t\t\t\t\t\t\t\t<\/div>\n\t\t\t\t<\/div>\n\t\t\t\t<div class=\"elementor-element elementor-element-26a4840 elementor-widget elementor-widget-text-editor\" data-id=\"26a4840\" data-element_type=\"widget\" data-e-type=\"widget\" data-widget_type=\"text-editor.default\">\n\t\t\t\t<div class=\"elementor-widget-container\">\n\t\t\t\t\t\t\t\t\t<p style=\"text-align: left;\">Egal ob Sie einen Entwickler oder einen Berater ben\u00f6tigen \u2013 wir stellen die f\u00fcr die Aufgabe am besten geeigneten Fachkr\u00e4fte bereit. Dabei bieten wir mehr als nur reine Vermittlung: Unser Service umfasst auch laufende fachliche Unterst\u00fctzung im Hintergrund, Qualit\u00e4tssicherung und \u2013 falls n\u00f6tig \u2013 einen schnellen Expertenwechsel.<\/p>\t\t\t\t\t\t\t\t<\/div>\n\t\t\t\t<\/div>\n\t\t\t\t<\/div>\n\t\t\t\t<div class=\"elementor-element elementor-element-208f0fd elementor-widget elementor-widget-button\" data-id=\"208f0fd\" data-element_type=\"widget\" data-e-type=\"widget\" data-widget_type=\"button.default\">\n\t\t\t\t<div class=\"elementor-widget-container\">\n\t\t\t\t\t\t\t\t\t<div class=\"elementor-button-wrapper\">\n\t\t\t\t\t<a class=\"elementor-button elementor-button-link elementor-size-sm\" href=\"https:\/\/amarokstudio.hu\/de\/spezialistenvermittlung\/\">\n\t\t\t\t\t\t<span class=\"elementor-button-content-wrapper\">\n\t\t\t\t\t\t\t\t\t<span class=\"elementor-button-text\">Weitere Informationen<\/span>\n\t\t\t\t\t<\/span>\n\t\t\t\t\t<\/a>\n\t\t\t\t<\/div>\n\t\t\t\t\t\t\t\t<\/div>\n\t\t\t\t<\/div>\n\t\t\t\t<\/div>\n\t\t\t\t<\/div>\n\t\t\t\t<\/div>\n\t\t\t\t\t<\/div>\n\t\t\t\t<\/div>\n\t\t\t\t<\/div>\n\t\t","protected":false},"excerpt":{"rendered":"<p>SAP-Entwicklungsdienstleistungen Ein Projekt ist dann erfolgreich, wenn Entwickler und Berater Hand in Hand arbeiten \u2013 wir unterst\u00fctzen unsere Kunden in beiden Bereichen. Mehr erfahren SAP-Entwicklung und Beratung \u2013 im Fokus stehen Ihre Anforderungen Nach der Gr\u00fcndung konzentrierte sich Amarok Studio zun\u00e4chst auf die Durchf\u00fchrung von Entwicklungsprojekten im SAP-Umfeld. Gleichzeitig konnten wir \u2013 von Anfang an [&hellip;]<\/p>\n","protected":false},"author":1,"featured_media":0,"parent":0,"menu_order":0,"comment_status":"closed","ping_status":"closed","template":"","meta":{"footnotes":""},"class_list":["post-4506","page","type-page","status-publish","hentry"],"_links":{"self":[{"href":"https:\/\/amarokstudio.hu\/de\/wp-json\/wp\/v2\/pages\/4506","targetHints":{"allow":["GET"]}}],"collection":[{"href":"https:\/\/amarokstudio.hu\/de\/wp-json\/wp\/v2\/pages"}],"about":[{"href":"https:\/\/amarokstudio.hu\/de\/wp-json\/wp\/v2\/types\/page"}],"author":[{"embeddable":true,"href":"https:\/\/amarokstudio.hu\/de\/wp-json\/wp\/v2\/users\/1"}],"replies":[{"embeddable":true,"href":"https:\/\/amarokstudio.hu\/de\/wp-json\/wp\/v2\/comments?post=4506"}],"version-history":[{"count":1,"href":"https:\/\/amarokstudio.hu\/de\/wp-json\/wp\/v2\/pages\/4506\/revisions"}],"predecessor-version":[{"id":4507,"href":"https:\/\/amarokstudio.hu\/de\/wp-json\/wp\/v2\/pages\/4506\/revisions\/4507"}],"wp:attachment":[{"href":"https:\/\/amarokstudio.hu\/de\/wp-json\/wp\/v2\/media?parent=4506"}],"curies":[{"name":"wp","href":"https:\/\/api.w.org\/{rel}","templated":true}]}}