{"id":4376,"date":"2025-04-26T16:43:53","date_gmt":"2025-04-26T14:43:53","guid":{"rendered":"https:\/\/amarokstudio.hu\/sap-expert-staffing\/"},"modified":"2025-07-31T17:51:21","modified_gmt":"2025-07-31T15:51:21","slug":"sap-expert-staffing","status":"publish","type":"page","link":"https:\/\/amarokstudio.hu\/en\/sap-expert-staffing\/","title":{"rendered":"SAP Expert Staffing"},"content":{"rendered":"\t\t<div data-elementor-type=\"wp-page\" data-elementor-id=\"4376\" class=\"elementor elementor-4376 elementor-711\" data-elementor-post-type=\"page\">\n\t\t\t\t<div class=\"elementor-element elementor-element-2b2a625b e-flex e-con-boxed e-con e-parent\" data-id=\"2b2a625b\" data-element_type=\"container\" data-e-type=\"container\" data-settings=\"{&quot;background_background&quot;:&quot;classic&quot;}\">\n\t\t\t\t\t<div class=\"e-con-inner\">\n\t\t<div class=\"elementor-element elementor-element-e76592d e-con-full e-flex e-con e-child\" data-id=\"e76592d\" data-element_type=\"container\" data-e-type=\"container\">\n\t\t<div class=\"elementor-element elementor-element-5a0f1ad e-con-full e-flex e-con e-child\" data-id=\"5a0f1ad\" data-element_type=\"container\" data-e-type=\"container\">\n\t\t\t\t<div class=\"elementor-element elementor-element-aea24d9 elementor-widget elementor-widget-heading\" data-id=\"aea24d9\" data-element_type=\"widget\" data-e-type=\"widget\" data-widget_type=\"heading.default\">\n\t\t\t\t<div class=\"elementor-widget-container\">\n\t\t\t\t\t<h1 class=\"elementor-heading-title elementor-size-default\">SAP Expert Staffing<\/h1>\t\t\t\t<\/div>\n\t\t\t\t<\/div>\n\t\t\t\t<div class=\"elementor-element elementor-element-26225d0 elementor-widget elementor-widget-heading\" data-id=\"26225d0\" data-element_type=\"widget\" data-e-type=\"widget\" data-widget_type=\"heading.default\">\n\t\t\t\t<div class=\"elementor-widget-container\">\n\t\t\t\t\t<span class=\"elementor-heading-title elementor-size-default\">Need just one SAP expert?\n<\/span>\t\t\t\t<\/div>\n\t\t\t\t<\/div>\n\t\t<div class=\"elementor-element elementor-element-b69d76b e-con-full e-flex e-con e-child\" data-id=\"b69d76b\" data-element_type=\"container\" data-e-type=\"container\">\n\t\t\t\t<div class=\"elementor-element elementor-element-14ecb86 elementor-widget elementor-widget-button\" data-id=\"14ecb86\" data-element_type=\"widget\" data-e-type=\"widget\" data-widget_type=\"button.default\">\n\t\t\t\t<div class=\"elementor-widget-container\">\n\t\t\t\t\t\t\t\t\t<div class=\"elementor-button-wrapper\">\n\t\t\t\t\t<a class=\"elementor-button elementor-button-link elementor-size-sm\" href=\"#szakerto-kozvetites\">\n\t\t\t\t\t\t<span class=\"elementor-button-content-wrapper\">\n\t\t\t\t\t\t\t\t\t<span class=\"elementor-button-text\">Find out more!<\/span>\n\t\t\t\t\t<\/span>\n\t\t\t\t\t<\/a>\n\t\t\t\t<\/div>\n\t\t\t\t\t\t\t\t<\/div>\n\t\t\t\t<\/div>\n\t\t\t\t<\/div>\n\t\t\t\t<\/div>\n\t\t\t\t<\/div>\n\t\t\t\t\t<\/div>\n\t\t\t\t<\/div>\n\t\t<div class=\"elementor-element elementor-element-8460b69 e-flex e-con-boxed e-con e-parent\" data-id=\"8460b69\" data-element_type=\"container\" data-e-type=\"container\" id=\"szakerto-kozvetites\" data-settings=\"{&quot;background_background&quot;:&quot;classic&quot;}\">\n\t\t\t\t\t<div class=\"e-con-inner\">\n\t\t<div class=\"elementor-element elementor-element-0cc90ff e-con-full e-flex e-con e-child\" data-id=\"0cc90ff\" data-element_type=\"container\" data-e-type=\"container\" data-settings=\"{&quot;background_background&quot;:&quot;classic&quot;}\">\n\t\t<div class=\"elementor-element elementor-element-91336c3 e-con-full e-flex e-con e-child\" data-id=\"91336c3\" data-element_type=\"container\" data-e-type=\"container\">\n\t\t\t\t<div class=\"elementor-element elementor-element-0f32ef2 elementor-widget elementor-widget-heading\" data-id=\"0f32ef2\" data-element_type=\"widget\" data-e-type=\"widget\" data-widget_type=\"heading.default\">\n\t\t\t\t<div class=\"elementor-widget-container\">\n\t\t\t\t\t<h2 class=\"elementor-heading-title elementor-size-default\">SAP Expert Staffing Services<\/h2>\t\t\t\t<\/div>\n\t\t\t\t<\/div>\n\t\t\t\t<div class=\"elementor-element elementor-element-bd9dbd2 elementor-widget elementor-widget-text-editor\" data-id=\"bd9dbd2\" data-element_type=\"widget\" data-e-type=\"widget\" data-widget_type=\"text-editor.default\">\n\t\t\t\t<div class=\"elementor-widget-container\">\n\t\t\t\t\t\t\t\t\t<p style=\"text-align: left;\">Our core service offering includes helping our clients find the right SAP professional for their ongoing projects. Whether it&#8217;s a developer or a consultant, we identify the best fit based on your requirements \u2014 drawing from our internal resources, the AB Consulting network, or our trusted base of SAP experts in Hungary.<\/p>\t\t\t\t\t\t\t\t<\/div>\n\t\t\t\t<\/div>\n\t\t\t\t<\/div>\n\t\t<div class=\"elementor-element elementor-element-9a7a7f5 e-con-full e-flex e-con e-child\" data-id=\"9a7a7f5\" data-element_type=\"container\" data-e-type=\"container\">\n\t\t\t\t<div class=\"elementor-element elementor-element-2e722b9 elementor-widget elementor-widget-image\" data-id=\"2e722b9\" data-element_type=\"widget\" data-e-type=\"widget\" data-widget_type=\"image.default\">\n\t\t\t\t<div class=\"elementor-widget-container\">\n\t\t\t\t\t\t\t\t\t\t\t\t\t\t\t<img fetchpriority=\"high\" decoding=\"async\" width=\"800\" height=\"600\" src=\"https:\/\/amarokstudio.hu\/wp-content\/uploads\/2025\/05\/sap-szakerto-kozvetites.webp\" class=\"attachment-large size-large wp-image-4324\" alt=\"SAP Expert Staffing Services\" srcset=\"https:\/\/amarokstudio.hu\/wp-content\/uploads\/2025\/05\/sap-szakerto-kozvetites.webp 1024w, https:\/\/amarokstudio.hu\/wp-content\/uploads\/2025\/05\/sap-szakerto-kozvetites-300x225.webp 300w, https:\/\/amarokstudio.hu\/wp-content\/uploads\/2025\/05\/sap-szakerto-kozvetites-768x576.webp 768w\" sizes=\"(max-width: 800px) 100vw, 800px\" \/>\t\t\t\t\t\t\t\t\t\t\t\t\t\t\t<\/div>\n\t\t\t\t<\/div>\n\t\t\t\t<\/div>\n\t\t\t\t<\/div>\n\t\t\t\t\t<\/div>\n\t\t\t\t<\/div>\n\t\t<div class=\"elementor-element elementor-element-317c9de e-flex e-con-boxed e-con e-parent\" data-id=\"317c9de\" data-element_type=\"container\" data-e-type=\"container\" data-settings=\"{&quot;background_background&quot;:&quot;classic&quot;}\">\n\t\t\t\t\t<div class=\"e-con-inner\">\n\t\t<div class=\"elementor-element elementor-element-0b6f2ab e-con-full e-flex e-con e-child\" data-id=\"0b6f2ab\" data-element_type=\"container\" data-e-type=\"container\" data-settings=\"{&quot;background_background&quot;:&quot;classic&quot;}\">\n\t\t<div class=\"elementor-element elementor-element-0113427 e-con-full e-flex e-con e-child\" data-id=\"0113427\" data-element_type=\"container\" data-e-type=\"container\">\n\t\t\t\t<div class=\"elementor-element elementor-element-ef0dd3c elementor-widget elementor-widget-image\" data-id=\"ef0dd3c\" data-element_type=\"widget\" data-e-type=\"widget\" data-widget_type=\"image.default\">\n\t\t\t\t<div class=\"elementor-widget-container\">\n\t\t\t\t\t\t\t\t\t\t\t\t\t\t\t<img decoding=\"async\" width=\"800\" height=\"600\" src=\"https:\/\/amarokstudio.hu\/wp-content\/uploads\/2025\/05\/sap-szakerto-kozvetites-2.webp\" class=\"attachment-large size-large wp-image-4344\" alt=\"SAP szak\u00e9rt\u0151 k\u00f6zvet\u00edt\u00e9s\" srcset=\"https:\/\/amarokstudio.hu\/wp-content\/uploads\/2025\/05\/sap-szakerto-kozvetites-2.webp 1024w, https:\/\/amarokstudio.hu\/wp-content\/uploads\/2025\/05\/sap-szakerto-kozvetites-2-300x225.webp 300w, https:\/\/amarokstudio.hu\/wp-content\/uploads\/2025\/05\/sap-szakerto-kozvetites-2-768x576.webp 768w\" sizes=\"(max-width: 800px) 100vw, 800px\" \/>\t\t\t\t\t\t\t\t\t\t\t\t\t\t\t<\/div>\n\t\t\t\t<\/div>\n\t\t\t\t<\/div>\n\t\t<div class=\"elementor-element elementor-element-969268f e-con-full e-flex e-con e-child\" data-id=\"969268f\" data-element_type=\"container\" data-e-type=\"container\">\n\t\t\t\t<div class=\"elementor-element elementor-element-3501f23f elementor-widget elementor-widget-text-editor\" data-id=\"3501f23f\" data-element_type=\"widget\" data-e-type=\"widget\" data-widget_type=\"text-editor.default\">\n\t\t\t\t<div class=\"elementor-widget-container\">\n\t\t\t\t\t\t\t\t\t<p>This is typically a mediation service: we identify and assign the requested SAP expert to our client. However, our approach goes far beyond standard body leasing practices. When an expert is placed through us, they receive continuous professional support from our senior team. We actively monitor client satisfaction throughout the engagement, intervene immediately if any issues arise, and \u2014 when necessary \u2014 we provide a replacement expert without delay.  <\/p>\t\t\t\t\t\t\t\t<\/div>\n\t\t\t\t<\/div>\n\t\t\t\t<div class=\"elementor-element elementor-element-a0b1781 elementor-widget elementor-widget-button\" data-id=\"a0b1781\" data-element_type=\"widget\" data-e-type=\"widget\" data-widget_type=\"button.default\">\n\t\t\t\t<div class=\"elementor-widget-container\">\n\t\t\t\t\t\t\t\t\t<div class=\"elementor-button-wrapper\">\n\t\t\t\t\t<a class=\"elementor-button elementor-button-link elementor-size-sm\" href=\"mailto:info@amarokstudio.hu\">\n\t\t\t\t\t\t<span class=\"elementor-button-content-wrapper\">\n\t\t\t\t\t\t\t\t\t<span class=\"elementor-button-text\">Request an SAP expert<\/span>\n\t\t\t\t\t<\/span>\n\t\t\t\t\t<\/a>\n\t\t\t\t<\/div>\n\t\t\t\t\t\t\t\t<\/div>\n\t\t\t\t<\/div>\n\t\t\t\t<\/div>\n\t\t\t\t<\/div>\n\t\t\t\t\t<\/div>\n\t\t\t\t<\/div>\n\t\t\t\t<\/div>\n\t\t","protected":false},"excerpt":{"rendered":"<p>SAP Expert Staffing Need just one SAP expert? Find out more! SAP Expert Staffing Services Our core service offering includes helping our clients find the right SAP professional for their ongoing projects. Whether it&#8217;s a developer or a consultant, we identify the best fit based on your requirements \u2014 drawing from our internal resources, the [&hellip;]<\/p>\n","protected":false},"author":1,"featured_media":0,"parent":0,"menu_order":0,"comment_status":"closed","ping_status":"closed","template":"elementor_header_footer","meta":{"footnotes":""},"class_list":["post-4376","page","type-page","status-publish","hentry"],"_links":{"self":[{"href":"https:\/\/amarokstudio.hu\/en\/wp-json\/wp\/v2\/pages\/4376","targetHints":{"allow":["GET"]}}],"collection":[{"href":"https:\/\/amarokstudio.hu\/en\/wp-json\/wp\/v2\/pages"}],"about":[{"href":"https:\/\/amarokstudio.hu\/en\/wp-json\/wp\/v2\/types\/page"}],"author":[{"embeddable":true,"href":"https:\/\/amarokstudio.hu\/en\/wp-json\/wp\/v2\/users\/1"}],"replies":[{"embeddable":true,"href":"https:\/\/amarokstudio.hu\/en\/wp-json\/wp\/v2\/comments?post=4376"}],"version-history":[{"count":1,"href":"https:\/\/amarokstudio.hu\/en\/wp-json\/wp\/v2\/pages\/4376\/revisions"}],"predecessor-version":[{"id":4377,"href":"https:\/\/amarokstudio.hu\/en\/wp-json\/wp\/v2\/pages\/4376\/revisions\/4377"}],"wp:attachment":[{"href":"https:\/\/amarokstudio.hu\/en\/wp-json\/wp\/v2\/media?parent=4376"}],"curies":[{"name":"wp","href":"https:\/\/api.w.org\/{rel}","templated":true}]}}